{"id":9182,"date":"2021-06-24T17:58:04","date_gmt":"2021-06-24T17:58:04","guid":{"rendered":"https:\/\/edu.bimfreelance.com\/tecozam\/?page_id=9182"},"modified":"2022-03-31T09:37:21","modified_gmt":"2022-03-31T07:37:21","slug":"blog-2-2","status":"publish","type":"page","link":"https:\/\/edu.bimfreelance.com\/tecozam\/blog-2-2\/","title":{"rendered":"blog"},"content":{"rendered":"\t\t<div data-elementor-type=\"wp-page\" data-elementor-id=\"9182\" class=\"elementor elementor-9182\">\n\t\t\t\t\t\t\t\t\t<section class=\"elementor-section elementor-top-section elementor-element elementor-element-703234c0 elementor-section-boxed elementor-section-height-default elementor-section-height-default\" data-id=\"703234c0\" data-element_type=\"section\">\n\t\t\t\t\t\t<div class=\"elementor-container elementor-column-gap-default\">\n\t\t\t\t\t<div class=\"elementor-column elementor-col-100 elementor-top-column elementor-element elementor-element-6a3ef54\" data-id=\"6a3ef54\" data-element_type=\"column\">\n\t\t\t<div class=\"elementor-widget-wrap elementor-element-populated\">\n\t\t\t\t\t\t\t\t<div class=\"elementor-element elementor-element-220c1d50 elementor-widget elementor-widget-text-editor\" data-id=\"220c1d50\" data-element_type=\"widget\" data-widget_type=\"text-editor.default\">\n\t\t\t\t<div class=\"elementor-widget-container\">\n\t\t\t\t\t\t\t<!-- wp:latest-posts {\"postLayout\":\"grid\"} \/-->\t\t\t\t\t\t<\/div>\n\t\t\t\t<\/div>\n\t\t\t\t\t<\/div>\n\t\t<\/div>\n\t\t\t\t\t\t\t<\/div>\n\t\t<\/section>\n\t\t\t\t<section class=\"elementor-section elementor-top-section elementor-element elementor-element-8742d7d elementor-section-boxed elementor-section-height-default elementor-section-height-default\" data-id=\"8742d7d\" data-element_type=\"section\">\n\t\t\t\t\t\t<div class=\"elementor-container elementor-column-gap-default\">\n\t\t\t\t\t<div class=\"elementor-column elementor-col-100 elementor-top-column elementor-element elementor-element-9441179\" data-id=\"9441179\" data-element_type=\"column\">\n\t\t\t<div class=\"elementor-widget-wrap elementor-element-populated\">\n\t\t\t\t\t\t\t\t<div class=\"elementor-element elementor-element-b2f5294 elementor-widget elementor-widget-thim-posts\" data-id=\"b2f5294\" data-element_type=\"widget\" data-widget_type=\"thim-posts.default\">\n\t\t\t\t<div class=\"elementor-widget-container\">\n\t\t\t\n\n    <div class=\"bp-element bp-element-posts   marketing-layout-grid-1  no-image\" >\n\n\t\t\n<div class=\"wrap-element\">\n    <div class=\"row\">\n                    <div class=\"col-md-4\">\n                <div class=\"item-post\">\n                    <div class=\"image-post\">\n                        \n\t\t\t<img decoding=\"async\"  src=\"https:\/\/edu.bimfreelance.com\/tecozam\/wp-content\/uploads\/sites\/3\/2021\/06\/bienvenue-3-362x254.jpg\"\n\t\t\t\t\t\t\t\t\t\t\t\t\t\t\t alt=\"MRG, implementadores del BIM en Tecozam\"\n\t\t\t\t\t\t\t\t\t\t\t\t\t\t\t class=\"\">\n\n\t\t\t                        <a href=\"https:\/\/edu.bimfreelance.com\/tecozam\/2021\/06\/11\/bienvenidos-a-bim\/\" class=\"overlay-post\"><\/a>\n\n                        <div class=\"date-post\">\n                            <span class=\"number\">11<\/span> Jun                        <\/div>\n                    <\/div>\n\n                    <div class=\"text-post\">\n                        <h4 class=\"title-post\">\n                            <a href=\"https:\/\/edu.bimfreelance.com\/tecozam\/2021\/06\/11\/bienvenidos-a-bim\/\">\n                                MRG, implementadores del BIM en Tecozam                            <\/a>\n                        <\/h4>\n\n                        <div class=\"content-post\">\n                            Carta del BIM Manager<br \/>\n<br \/>\nHola y bienvenidos al BIM en Tecozam.<br \/>\n<br \/>\nMe llamo gustavo ferreiro,                         <\/div>\n\n                        <div class=\"info-post\">\n                            by<a href=\"https:\/\/edu.bimfreelance.com\/tecozam\/author\/adminbf\/\"> BIM freelance<\/a>\n                        <\/div>\n                    <\/div>\n                <\/div>\n            <\/div>\n                    <div class=\"col-md-4\">\n                <div class=\"item-post\">\n                    <div class=\"image-post\">\n                        \n\t\t\t<img decoding=\"async\"  src=\"https:\/\/edu.bimfreelance.com\/tecozam\/wp-content\/uploads\/sites\/3\/2021\/06\/Internacionalizacion-362x254.jpg\"\n\t\t\t\t\t\t\t\t\t\t\t\t\t\t\t alt=\"Internacionalizaci\u00f3n del grupo Tecozam, por Iv\u00e1n G\u00f3mez Rojo\"\n\t\t\t\t\t\t\t\t\t\t\t\t\t\t\t class=\"\">\n\n\t\t\t                        <a href=\"https:\/\/edu.bimfreelance.com\/tecozam\/2021\/06\/21\/internacionalizacion-del-grupo-tecozam-por-ivan-gomez-rojo\/\" class=\"overlay-post\"><\/a>\n\n                        <div class=\"date-post\">\n                            <span class=\"number\">21<\/span> Jun                        <\/div>\n                    <\/div>\n\n                    <div class=\"text-post\">\n                        <h4 class=\"title-post\">\n                            <a href=\"https:\/\/edu.bimfreelance.com\/tecozam\/2021\/06\/21\/internacionalizacion-del-grupo-tecozam-por-ivan-gomez-rojo\/\">\n                                Internacionalizaci\u00f3n del grupo Tecozam, por Iv\u00e1n G\u00f3mez Rojo                            <\/a>\n                        <\/h4>\n\n                        <div class=\"content-post\">\n                            <p>\u00bfA cu\u00e1ntos de vosotros os gustar\u00eda facturar un 20%, un 40% m\u00e1s o incluso duplicar la facturaci\u00f3n?<br \n<\/p>\n                        <\/div>\n\n                        <div class=\"info-post\">\n                            by<a href=\"https:\/\/edu.bimfreelance.com\/tecozam\/author\/adminbf\/\"> BIM freelance<\/a>\n                        <\/div>\n                    <\/div>\n                <\/div>\n            <\/div>\n                    <div class=\"col-md-4\">\n                <div class=\"item-post\">\n                    <div class=\"image-post\">\n                        \n\t\t\t<img decoding=\"async\"  src=\"https:\/\/edu.bimfreelance.com\/tecozam\/wp-content\/uploads\/sites\/3\/2021\/06\/demo_image-362x254.jpg\"\n\t\t\t\t\t\t\t\t\t\t\t\t\t\t\t alt=\"Visi\u00f3n del futuro de la Construcci\u00f3n\"\n\t\t\t\t\t\t\t\t\t\t\t\t\t\t\t class=\"\">\n\n\t\t\t                        <a href=\"https:\/\/edu.bimfreelance.com\/tecozam\/2021\/06\/24\/vision-del-futuro-de-la-construccion-de-tecozam\/\" class=\"overlay-post\"><\/a>\n\n                        <div class=\"date-post\">\n                            <span class=\"number\">24<\/span> Jun                        <\/div>\n                    <\/div>\n\n                    <div class=\"text-post\">\n                        <h4 class=\"title-post\">\n                            <a href=\"https:\/\/edu.bimfreelance.com\/tecozam\/2021\/06\/24\/vision-del-futuro-de-la-construccion-de-tecozam\/\">\n                                Visi\u00f3n del futuro de la Construcci\u00f3n                            <\/a>\n                        <\/h4>\n\n                        <div class=\"content-post\">\n                            <p>[vc_row][vc_column][vc_column_text]Os presentamos el webinar inaugural del d\u00eda 23 de junio, donde contamos con la visi\u00f3n de Iv\u00e1n <\/p>\n                        <\/div>\n\n                        <div class=\"info-post\">\n                            by<a href=\"https:\/\/edu.bimfreelance.com\/tecozam\/author\/adminbf\/\"> BIM freelance<\/a>\n                        <\/div>\n                    <\/div>\n                <\/div>\n            <\/div>\n                    <div class=\"col-md-4\">\n                <div class=\"item-post\">\n                    <div class=\"image-post\">\n                        \n\t\t\t<img decoding=\"async\"  src=\"https:\/\/edu.bimfreelance.com\/tecozam\/wp-content\/uploads\/sites\/3\/2021\/06\/mbimic_0-362x254.jpg\"\n\t\t\t\t\t\t\t\t\t\t\t\t\t\t\t alt=\"Los Ingenieros civiles de UK consideran los datos incompletos como el origen m\u00e1s importante de errores en fase de dise\u00f1o\"\n\t\t\t\t\t\t\t\t\t\t\t\t\t\t\t class=\"\">\n\n\t\t\t                        <a href=\"https:\/\/edu.bimfreelance.com\/tecozam\/2021\/06\/29\/9201\/\" class=\"overlay-post\"><\/a>\n\n                        <div class=\"date-post\">\n                            <span class=\"number\">29<\/span> Jun                        <\/div>\n                    <\/div>\n\n                    <div class=\"text-post\">\n                        <h4 class=\"title-post\">\n                            <a href=\"https:\/\/edu.bimfreelance.com\/tecozam\/2021\/06\/29\/9201\/\">\n                                Los Ingenieros civiles de UK consideran los datos incompletos como el origen m\u00e1s importante de errores en fase de dise\u00f1o                            <\/a>\n                        <\/h4>\n\n                        <div class=\"content-post\">\n                            <p>[vc_row][vc_column][vc_single_image image=&#8221;9202&#8243;][vc_column_text]<\/p>\n<p>\nLa actualizaci\u00f3n de determinadas infraestructuras mediante el uso de la\u00a0metodolog\u00eda BIM\u00a0ejemplifica a la <\/p>\n                        <\/div>\n\n                        <div class=\"info-post\">\n                            by<a href=\"https:\/\/edu.bimfreelance.com\/tecozam\/author\/adminbf\/\"> BIM freelance<\/a>\n                        <\/div>\n                    <\/div>\n                <\/div>\n            <\/div>\n                    <div class=\"col-md-4\">\n                <div class=\"item-post\">\n                    <div class=\"image-post\">\n                        \n\t\t\t<img decoding=\"async\"  src=\"https:\/\/edu.bimfreelance.com\/tecozam\/wp-content\/uploads\/sites\/3\/2021\/11\/BIM-ZERO-ES-market-Proposito-del-BIM-362x254.jpg\"\n\t\t\t\t\t\t\t\t\t\t\t\t\t\t\t alt=\"S01_01: \u00bfCu\u00e1l es el prop\u00f3sito del BIM?, \u00bfQu\u00e9 es BIM?, \u00bfQu\u00e9 no es BIM?\"\n\t\t\t\t\t\t\t\t\t\t\t\t\t\t\t class=\"\">\n\n\t\t\t                        <a href=\"https:\/\/edu.bimfreelance.com\/tecozam\/2022\/02\/01\/__trashed\/\" class=\"overlay-post\"><\/a>\n\n                        <div class=\"date-post\">\n                            <span class=\"number\">01<\/span> Feb                        <\/div>\n                    <\/div>\n\n                    <div class=\"text-post\">\n                        <h4 class=\"title-post\">\n                            <a href=\"https:\/\/edu.bimfreelance.com\/tecozam\/2022\/02\/01\/__trashed\/\">\n                                S01_01: \u00bfCu\u00e1l es el prop\u00f3sito del BIM?, \u00bfQu\u00e9 es BIM?, \u00bfQu\u00e9 no es BIM?                            <\/a>\n                        <\/h4>\n\n                        <div class=\"content-post\">\n                            <p>\nLa industria de la construcci\u00f3n a lo largo de los a\u00f1os no ha sido capaz de <\/p>\n                        <\/div>\n\n                        <div class=\"info-post\">\n                            by<a href=\"https:\/\/edu.bimfreelance.com\/tecozam\/author\/jesusvidal\/\"> Jes\u00fas Vidal Bea<\/a>\n                        <\/div>\n                    <\/div>\n                <\/div>\n            <\/div>\n            <\/div>\n<\/div>\n    <\/div>\n\n    \n\t\t<\/div>\n\t\t\t\t<\/div>\n\t\t\t\t\t<\/div>\n\t\t<\/div>\n\t\t\t\t\t\t\t<\/div>\n\t\t<\/section>\n\t\t\t\t\t\t\t<\/div>\n\t\t","protected":false},"excerpt":{"rendered":"<p>11 Jun MRG, implementadores del BIM en Tecozam Este contenido es solo para miembros de \u00a1niveles!\u00danete ahora by BIM freelance 21 Jun Internacionalizaci\u00f3n del grupo Tecozam, por Iv\u00e1n G\u00f3mez Rojo \u00bfA cu\u00e1ntos de vosotros os gustar\u00eda facturar un 20%, un &hellip; <\/p>\n","protected":false},"author":1,"featured_media":0,"parent":0,"menu_order":0,"comment_status":"closed","ping_status":"closed","template":"","meta":{"_bbp_topic_count":0,"_bbp_reply_count":0,"_bbp_total_topic_count":0,"_bbp_total_reply_count":0,"_bbp_voice_count":0,"_bbp_anonymous_reply_count":0,"_bbp_topic_count_hidden":0,"_bbp_reply_count_hidden":0,"_bbp_forum_subforum_count":0},"_links":{"self":[{"href":"https:\/\/edu.bimfreelance.com\/tecozam\/wp-json\/wp\/v2\/pages\/9182"}],"collection":[{"href":"https:\/\/edu.bimfreelance.com\/tecozam\/wp-json\/wp\/v2\/pages"}],"about":[{"href":"https:\/\/edu.bimfreelance.com\/tecozam\/wp-json\/wp\/v2\/types\/page"}],"author":[{"embeddable":true,"href":"https:\/\/edu.bimfreelance.com\/tecozam\/wp-json\/wp\/v2\/users\/1"}],"replies":[{"embeddable":true,"href":"https:\/\/edu.bimfreelance.com\/tecozam\/wp-json\/wp\/v2\/comments?post=9182"}],"version-history":[{"count":17,"href":"https:\/\/edu.bimfreelance.com\/tecozam\/wp-json\/wp\/v2\/pages\/9182\/revisions"}],"predecessor-version":[{"id":10374,"href":"https:\/\/edu.bimfreelance.com\/tecozam\/wp-json\/wp\/v2\/pages\/9182\/revisions\/10374"}],"wp:attachment":[{"href":"https:\/\/edu.bimfreelance.com\/tecozam\/wp-json\/wp\/v2\/media?parent=9182"}],"curies":[{"name":"wp","href":"https:\/\/api.w.org\/{rel}","templated":true}]}}