{"id":965,"date":"2020-11-03T17:51:44","date_gmt":"2020-11-03T17:51:44","guid":{"rendered":"https:\/\/edu.bimfreelance.com\/es\/producto\/import-placeholder-for-951\/"},"modified":"2021-01-26T13:11:48","modified_gmt":"2021-01-26T13:11:48","slug":"bim-architect-2-plataformas-edificacion","status":"publish","type":"product","link":"https:\/\/edu.bimfreelance.com\/es\/producto\/bim-architect-2-plataformas-edificacion\/","title":{"rendered":"BIM Architect &#8211; 2 Plataformas [Edificaci\u00f3n]"},"content":{"rendered":"<p><span style=\"font-weight: 400;\"><strong>BIM Architect<\/strong> es el perfil BIM de dise\u00f1o m\u00e1s completo del sector de Edificaci\u00f3n. Adem\u00e1s del perfil de interior Architect, con capacidades de modelado avanzado, es el encargado de sistematizar la publicaci\u00f3n de la documentaci\u00f3n del modelo para el equipo colaborativo<\/span><\/p>\n<p><b>Habilidades: <\/b><span style=\"font-weight: 400;\">COORDINACI\u00d3N y DISE\u00d1O<\/span><\/p>\n<p><b>Softwares Disponibles para elegir (2): <\/b><span style=\"font-weight: 400;\">\u00a0Revit | Allplan | ArchiCAD | OpenBuildings<\/span><\/p>\n<p><b>Perfiles BIM alcanzados del BIMCV: <\/b><span style=\"font-weight: 400;\">\u00a0BIM Coordinator | BIM Interior Architect | BIM Architect<\/span><\/p>\n<p><b>Formaci\u00f3n compuesta por los siguientes cursos:<\/b><\/p>\n<ul>\n<li style=\"font-weight: 400;\"><span style=\"font-weight: 400;\">BIM A1 &#8211;\u00a0 Modelo Digital<\/span><\/li>\n<li style=\"font-weight: 400;\"><span style=\"font-weight: 400;\">BIM B1 &#8211; Trabajo Colaborativo<\/span><\/li>\n<li style=\"font-weight: 400;\"><span style=\"font-weight: 400;\">BIM A2 &#8211; Publicaci\u00f3n del Modelo\u00a0<\/span><\/li>\n<li style=\"font-weight: 400;\"><span style=\"font-weight: 400;\">BIM A3 &#8211; Modelado Avanzado<\/span><\/li>\n<\/ul>\n<p><b>Cr\u00e9ditos:<\/b><span style=\"font-weight: 400;\"> 24 ECTS\u00a0 &#8211;\u00a0 240 Horas Lectivas.<\/span><\/p>\n<p><b>Modalidad:<\/b><span style=\"font-weight: 400;\"> Formaci\u00f3n Online &#8211; CooC<\/span><\/p>\n<p><b>Actividades Obligatorias:<\/b><\/p>\n<ul>\n<li style=\"font-weight: 400;\"><span style=\"font-weight: 400;\">2 Proyecto de Edificaci\u00f3n en equipo.<\/span><\/li>\n<li style=\"font-weight: 400;\"><span style=\"font-weight: 400;\">Eventos de Edificaci\u00f3n<\/span><\/li>\n<\/ul>\n<p><b>Setor: <\/b><span style=\"font-weight: 400;\">Edificaci\u00f3n<\/span><\/p>\n","protected":false},"excerpt":{"rendered":"<h5><span style=\"color: #33cccc;\">ESTE PERFIL FORMA PARTE DEL PLAN ESTANDAR<\/span><\/h5>\n<h5><a href=\"https:\/\/edu.bimfreelance.com\/es\/plan-estandar\/\"><span style=\"color: #0000ff;\">PUEDES OBTENER DESDE SOLO 1200\u20ac | \u00a0PULSE AQUI!<\/span><\/a><\/h5>\n<hr \/>\n<p><span style=\"font-weight: 400;\"><strong>BIM Architect<\/strong> es el perfil BIM de dise\u00f1o m\u00e1s completo del sector de Edificaci\u00f3n. Adem\u00e1s del perfil de interior Architect, con capacidades de modelado avanzado, es el encargado de sistematizar la publicaci\u00f3n de la documentaci\u00f3n del modelo para el equipo colaborativo<\/span><\/p>\n<p><b>Habilidades: <\/b><span style=\"font-weight: 400;\">COORDINACI\u00d3N y DISE\u00d1O<\/span><\/p>\n<p><b>Softwares Disponibles para elegir (2): <\/b><span style=\"font-weight: 400;\">\u00a0Revit | Allplan | ArchiCAD | OpenBuildings<\/span><\/p>\n<p><b>Perfiles BIM alcanzados del BIMCV: <\/b><span style=\"font-weight: 400;\">\u00a0BIM Coordinator | BIM Interior Architect | BIM Architect<\/span><\/p>\n<p><b>Formaci\u00f3n compuesta por los siguientes cursos:<\/b><\/p>\n<ul>\n<li style=\"font-weight: 400;\"><span style=\"font-weight: 400;\">BIM A1 &#8211;\u00a0 Modelo Digital<\/span><\/li>\n<li style=\"font-weight: 400;\"><span style=\"font-weight: 400;\">BIM B1 &#8211; Trabajo Colaborativo<\/span><\/li>\n<li style=\"font-weight: 400;\"><span style=\"font-weight: 400;\">BIM A2 &#8211; Publicaci\u00f3n del Modelo\u00a0<\/span><\/li>\n<li style=\"font-weight: 400;\"><span style=\"font-weight: 400;\">BIM A3 &#8211; Modelado Avanzado<\/span><\/li>\n<\/ul>\n<p><b>Cr\u00e9ditos:<\/b><span style=\"font-weight: 400;\"> 24 ECTS\u00a0 &#8211;\u00a0 240 Horas Lectivas.<\/span><\/p>\n<p><b>Modalidad:<\/b><span style=\"font-weight: 400;\"> Formaci\u00f3n Online &#8211; CooC<\/span><\/p>\n<p><b>Actividades Obligatorias:<\/b><\/p>\n<ul>\n<li style=\"font-weight: 400;\"><span style=\"font-weight: 400;\">2 Proyecto de Edificaci\u00f3n en equipo.<\/span><\/li>\n<li style=\"font-weight: 400;\"><span style=\"font-weight: 400;\">Eventos de Edificaci\u00f3n<\/span><\/li>\n<\/ul>\n<p><b>Setor: <\/b><span style=\"font-weight: 400;\">Edificaci\u00f3n<\/span><\/p>\n","protected":false},"featured_media":1984,"comment_status":"open","ping_status":"closed","template":"","meta":{"_bbp_topic_count":0,"_bbp_reply_count":0,"_bbp_total_topic_count":0,"_bbp_total_reply_count":0,"_bbp_voice_count":0,"_bbp_anonymous_reply_count":0,"_bbp_topic_count_hidden":0,"_bbp_reply_count_hidden":0,"_bbp_forum_subforum_count":0,"pmpro_default_level":0},"product_cat":[104,58,60,107,112,61,62,109,63],"product_tag":[32,33,36,65,102,103,37,66,40,43,50,51,69,57],"_links":{"self":[{"href":"https:\/\/edu.bimfreelance.com\/es\/wp-json\/wp\/v2\/product\/965"}],"collection":[{"href":"https:\/\/edu.bimfreelance.com\/es\/wp-json\/wp\/v2\/product"}],"about":[{"href":"https:\/\/edu.bimfreelance.com\/es\/wp-json\/wp\/v2\/types\/product"}],"replies":[{"embeddable":true,"href":"https:\/\/edu.bimfreelance.com\/es\/wp-json\/wp\/v2\/comments?post=965"}],"wp:featuredmedia":[{"embeddable":true,"href":"https:\/\/edu.bimfreelance.com\/es\/wp-json\/wp\/v2\/media\/1984"}],"wp:attachment":[{"href":"https:\/\/edu.bimfreelance.com\/es\/wp-json\/wp\/v2\/media?parent=965"}],"wp:term":[{"taxonomy":"product_cat","embeddable":true,"href":"https:\/\/edu.bimfreelance.com\/es\/wp-json\/wp\/v2\/product_cat?post=965"},{"taxonomy":"product_tag","embeddable":true,"href":"https:\/\/edu.bimfreelance.com\/es\/wp-json\/wp\/v2\/product_tag?post=965"}],"curies":[{"name":"wp","href":"https:\/\/api.w.org\/{rel}","templated":true}]}}