{"id":878,"date":"2020-11-03T17:50:40","date_gmt":"2020-11-03T17:50:40","guid":{"rendered":"https:\/\/edu.bimfreelance.com\/es\/producto\/import-placeholder-for-860\/"},"modified":"2021-01-26T13:11:48","modified_gmt":"2021-01-26T13:11:48","slug":"bim-mep-engineer-2-plataformas-edificacion","status":"publish","type":"product","link":"https:\/\/edu.bimfreelance.com\/es\/producto\/bim-mep-engineer-2-plataformas-edificacion\/","title":{"rendered":"BIM MEP Engineer &#8211; 2 Plataformas [Edificaci\u00f3n]"},"content":{"rendered":"<p><b>BIM MEP Engineer <\/b><span style=\"font-weight: 400;\">es un perfil BIM de compet\u00eancias de ingenier\u00eda. Destinado al modelado de instalaciones mecanicas, electricas y conductos, su misi\u00f3n principal es interoperar con sistemas de dise\u00f1o, c\u00e1lculo y fabricaci\u00f3n de instalaciones, as\u00ed como colaborar con el equipo aconsejando acerca de la integraci\u00f3n con el resto de las disciplinas.<\/span><\/p>\n<p><b>Habilidades: <\/b><span style=\"font-weight: 400;\">COORDINACI\u00d3N, INGENIER\u00cdA\u00a0<\/span><\/p>\n<p><b>Softwares Disponibles para elegir (2): <\/b><span style=\"font-weight: 400;\">\u00a0Revit | Allplan | ArchiCAD | OpenBuildings<\/span><\/p>\n<p><span style=\"font-weight: 400;\">Las 2\u00a0 plataformas elegidas\u00a0 se pueden cursar en paralelo\u00a0\u00a0<\/span><\/p>\n<p><b>Perfiles BIM alcanzados del BIMCV: <\/b><span style=\"font-weight: 400;\">\u00a0BIM Coordinator | BIM MEP Engineer | BIM Structure Engineer\u00a0<\/span><\/p>\n<p><b>Formaci\u00f3n compuesta por los siguientes cursos:<\/b><\/p>\n<ul>\n<li style=\"font-weight: 400;\"><span style=\"font-weight: 400;\">BIM A1 &#8211;\u00a0 Modelo Digital (de cada plataforma)<\/span><\/li>\n<li style=\"font-weight: 400;\"><span style=\"font-weight: 400;\">BIM B1 &#8211; Trabajo Colaborativo (de cada plataforma)<\/span><\/li>\n<li style=\"font-weight: 400;\"><span style=\"font-weight: 400;\">BIM B3 &#8211; Interoperabilidad Estructuras \/ MEP<\/span><\/li>\n<\/ul>\n<p><b>Cr\u00e9ditos:<\/b><span style=\"font-weight: 400;\"> 18 ECTS\u00a0 &#8211;\u00a0 180 Horas Lectivas.<\/span><\/p>\n<p><b>Modalidad:<\/b><span style=\"font-weight: 400;\"> Formaci\u00f3n Online &#8211; CooC<\/span><\/p>\n<p><b>Actividades Obligatorias:<\/b><\/p>\n<ul>\n<li style=\"font-weight: 400;\"><span style=\"font-weight: 400;\">2 Proyectos de Edificaci\u00f3n\u00a0 en equipo &#8211; 1 por plataforma<\/span><\/li>\n<li style=\"font-weight: 400;\"><span style=\"font-weight: 400;\">Eventos de Edificaci\u00f3n\u00a0 <\/span><\/li>\n<\/ul>\n<p><b>Setor: <\/b><span style=\"font-weight: 400;\">Edificaci\u00f3n\u00a0<\/span><\/p>\n","protected":false},"excerpt":{"rendered":"<h5><span style=\"color: #33cccc;\">ESTE PERFIL FORMA PARTE DEL PLAN ESTANDAR<\/span><\/h5>\n<h5><a href=\"https:\/\/edu.bimfreelance.com\/es\/plan-estandar\/\"><span style=\"color: #0000ff;\">PUEDES OBTENER DESDE SOLO 1200\u20ac | \u00a0PULSE AQUI!<\/span><\/a><\/h5>\n<hr \/>\n<p><b>BIM MEP Engineer <\/b><span style=\"font-weight: 400;\">es un perfil BIM de compet\u00eancias de ingenier\u00eda. Destinado al modelado de instalaciones mecanicas, electricas y conductos, su misi\u00f3n principal es interoperar con sistemas de dise\u00f1o, c\u00e1lculo y fabricaci\u00f3n de instalaciones, as\u00ed como colaborar con el equipo aconsejando acerca de la integraci\u00f3n con el resto de las disciplinas.<\/span><\/p>\n<p><b>Habilidades: <\/b><span style=\"font-weight: 400;\">COORDINACI\u00d3N, INGENIER\u00cdA\u00a0<\/span><\/p>\n<p><b>Softwares Disponibles para elegir (2): <\/b><span style=\"font-weight: 400;\">\u00a0Revit | Allplan | ArchiCAD | OpenBuildings<\/span><\/p>\n<p><span style=\"font-weight: 400;\">Las 2\u00a0 plataformas elegidas\u00a0 se pueden cursar en paralelo\u00a0\u00a0<\/span><\/p>\n<p><b>Perfiles BIM alcanzados del BIMCV: <\/b><span style=\"font-weight: 400;\">\u00a0BIM Coordinator | BIM MEP Engineer | BIM Structure Engineer\u00a0<\/span><\/p>\n<p><b>Formaci\u00f3n compuesta por los siguientes cursos:<\/b><\/p>\n<ul>\n<li style=\"font-weight: 400;\"><span style=\"font-weight: 400;\">BIM A1 &#8211;\u00a0 Modelo Digital (de cada plataforma)<\/span><\/li>\n<li style=\"font-weight: 400;\"><span style=\"font-weight: 400;\">BIM B1 &#8211; Trabajo Colaborativo (de cada plataforma)<\/span><\/li>\n<li style=\"font-weight: 400;\"><span style=\"font-weight: 400;\">BIM B3 &#8211; Interoperabilidad Estructuras \/ MEP<\/span><\/li>\n<\/ul>\n<p><b>Cr\u00e9ditos:<\/b><span style=\"font-weight: 400;\"> 18 ECTS\u00a0 &#8211;\u00a0 180 Horas Lectivas.<\/span><\/p>\n<p><b>Modalidad:<\/b><span style=\"font-weight: 400;\"> Formaci\u00f3n Online &#8211; CooC<\/span><\/p>\n<p><b>Actividades Obligatorias:<\/b><\/p>\n<ul>\n<li style=\"font-weight: 400;\"><span style=\"font-weight: 400;\">2 Proyectos de Edificaci\u00f3n\u00a0 en equipo &#8211; 1 por plataforma<\/span><\/li>\n<li style=\"font-weight: 400;\"><span style=\"font-weight: 400;\">Eventos de Edificaci\u00f3n\u00a0 <\/span><\/li>\n<\/ul>\n<p><b>Setor: <\/b><span style=\"font-weight: 400;\">Edificaci\u00f3n\u00a0<\/span><\/p>\n","protected":false},"featured_media":1977,"comment_status":"open","ping_status":"closed","template":"","meta":{"_bbp_topic_count":0,"_bbp_reply_count":0,"_bbp_total_topic_count":0,"_bbp_total_reply_count":0,"_bbp_voice_count":0,"_bbp_anonymous_reply_count":0,"_bbp_topic_count_hidden":0,"_bbp_reply_count_hidden":0,"_bbp_forum_subforum_count":0,"pmpro_default_level":0},"product_cat":[72,58,60,107,112,61,62,109,63],"product_tag":[32,33,40,44,48,51,52,53,55,69,57],"_links":{"self":[{"href":"https:\/\/edu.bimfreelance.com\/es\/wp-json\/wp\/v2\/product\/878"}],"collection":[{"href":"https:\/\/edu.bimfreelance.com\/es\/wp-json\/wp\/v2\/product"}],"about":[{"href":"https:\/\/edu.bimfreelance.com\/es\/wp-json\/wp\/v2\/types\/product"}],"replies":[{"embeddable":true,"href":"https:\/\/edu.bimfreelance.com\/es\/wp-json\/wp\/v2\/comments?post=878"}],"wp:featuredmedia":[{"embeddable":true,"href":"https:\/\/edu.bimfreelance.com\/es\/wp-json\/wp\/v2\/media\/1977"}],"wp:attachment":[{"href":"https:\/\/edu.bimfreelance.com\/es\/wp-json\/wp\/v2\/media?parent=878"}],"wp:term":[{"taxonomy":"product_cat","embeddable":true,"href":"https:\/\/edu.bimfreelance.com\/es\/wp-json\/wp\/v2\/product_cat?post=878"},{"taxonomy":"product_tag","embeddable":true,"href":"https:\/\/edu.bimfreelance.com\/es\/wp-json\/wp\/v2\/product_tag?post=878"}],"curies":[{"name":"wp","href":"https:\/\/api.w.org\/{rel}","templated":true}]}}