{"id":590,"date":"2020-11-03T17:45:50","date_gmt":"2020-11-03T17:45:50","guid":{"rendered":"https:\/\/edu.bimfreelance.com\/es\/producto\/import-placeholder-for-552\/"},"modified":"2021-01-25T19:09:19","modified_gmt":"2021-01-25T19:09:19","slug":"bim-structure-engineer-1-plataforma-infra","status":"publish","type":"product","link":"https:\/\/edu.bimfreelance.com\/es\/producto\/bim-structure-engineer-1-plataforma-infra\/","title":{"rendered":"BIM Structure Engineer &#8211; 1 Plataforma [Infra]"},"content":{"rendered":"","protected":false},"excerpt":{"rendered":"<p><span style=\"color: #ff6600;\"><b>DISPONIBLE EN FEBRERO<\/b><\/span><\/p>\n<hr \/>\n<p><b>BIM Structure Engineer<\/b><span style=\"font-weight: 400;\"> es un perfil BIM de competencias de ingenier\u00eda. Destinado al modelado de estructuras, su misi\u00f3n principal es interoperar con sistemas de dise\u00f1o, c\u00e1lculo y fabricaci\u00f3n de estructuras, as\u00ed como colaborar con el equipo aconsejando acerca de la integraci\u00f3n con el resto de disciplinas.<\/span><\/p>\n<p><b>Softwares Disponibles para elegir (1): <\/b><span style=\"font-weight: 400;\">\u00a0OpenRoads | Infraworks | NovaPoint | Istram<\/span><\/p>\n<p><b>Perfiles BIM alcanzados del BIMCV: <\/b><span style=\"font-weight: 400;\">\u00a0BIM Coordinator | BIM MEP Engineer | BIM Structure Engineer\u00a0<\/span><\/p>\n<p><b>Formaci\u00f3n compuesta por los siguientes cursos:<\/b><\/p>\n<ul>\n<li style=\"font-weight: 400;\"><span style=\"font-weight: 400;\">BIM A1 &#8211;\u00a0 Modelo Digital<\/span><\/li>\n<li style=\"font-weight: 400;\"><span style=\"font-weight: 400;\">BIM B1 &#8211; Trabajo Colaborativo<\/span><\/li>\n<li style=\"font-weight: 400;\"><span style=\"font-weight: 400;\">BIM B2 &#8211; Interoperabilidad Estructuras \/ MEP<\/span><\/li>\n<\/ul>\n<p><b>Cr\u00e9ditos:<\/b><span style=\"font-weight: 400;\"> 9 ECTS\u00a0 &#8211;\u00a0 90 Horas Lectivas.<\/span><\/p>\n<p><b>Modalidad:<\/b><span style=\"font-weight: 400;\"> Formaci\u00f3n Online &#8211; CooC<\/span><\/p>\n<p><b>Actividades Obligatorias:<\/b><\/p>\n<ul>\n<li style=\"font-weight: 400;\"><span style=\"font-weight: 400;\">1 Proyecto de Infraestructura en equipo.<\/span><\/li>\n<li style=\"font-weight: 400;\"><span style=\"font-weight: 400;\">Eventos<\/span><\/li>\n<\/ul>\n<p><b>Setor: <\/b><span style=\"font-weight: 400;\">Infraestructura <\/span><\/p>\n","protected":false},"featured_media":2009,"comment_status":"open","ping_status":"closed","template":"","meta":{"_bbp_topic_count":0,"_bbp_reply_count":0,"_bbp_total_topic_count":0,"_bbp_total_reply_count":0,"_bbp_voice_count":0,"_bbp_anonymous_reply_count":0,"_bbp_topic_count_hidden":0,"_bbp_reply_count_hidden":0,"_bbp_forum_subforum_count":0,"pmpro_default_level":0},"product_cat":[58,76,86,61,87,64,63],"product_tag":[65,66,73,40,44,48,74,80,81,52,82,75,53,83,55,84],"_links":{"self":[{"href":"https:\/\/edu.bimfreelance.com\/es\/wp-json\/wp\/v2\/product\/590"}],"collection":[{"href":"https:\/\/edu.bimfreelance.com\/es\/wp-json\/wp\/v2\/product"}],"about":[{"href":"https:\/\/edu.bimfreelance.com\/es\/wp-json\/wp\/v2\/types\/product"}],"replies":[{"embeddable":true,"href":"https:\/\/edu.bimfreelance.com\/es\/wp-json\/wp\/v2\/comments?post=590"}],"wp:featuredmedia":[{"embeddable":true,"href":"https:\/\/edu.bimfreelance.com\/es\/wp-json\/wp\/v2\/media\/2009"}],"wp:attachment":[{"href":"https:\/\/edu.bimfreelance.com\/es\/wp-json\/wp\/v2\/media?parent=590"}],"wp:term":[{"taxonomy":"product_cat","embeddable":true,"href":"https:\/\/edu.bimfreelance.com\/es\/wp-json\/wp\/v2\/product_cat?post=590"},{"taxonomy":"product_tag","embeddable":true,"href":"https:\/\/edu.bimfreelance.com\/es\/wp-json\/wp\/v2\/product_tag?post=590"}],"curies":[{"name":"wp","href":"https:\/\/api.w.org\/{rel}","templated":true}]}}