{"id":577,"date":"2020-11-03T17:45:48","date_gmt":"2020-11-03T17:45:48","guid":{"rendered":"https:\/\/edu.bimfreelance.com\/es\/producto\/import-placeholder-for-539\/"},"modified":"2021-01-26T13:15:30","modified_gmt":"2021-01-26T13:15:30","slug":"bim-experiential-manager-1-plataforma-edificacion","status":"publish","type":"product","link":"https:\/\/edu.bimfreelance.com\/es\/producto\/bim-experiential-manager-1-plataforma-edificacion\/","title":{"rendered":"BIM Experiential Manager &#8211; 1 Plataforma [Edificaci\u00f3n]"},"content":{"rendered":"<p><b>BIM Experiential Manager<\/b><span style=\"font-weight: 400;\"> es uno de los perfiles BIM de competencias de sostenibilidad. Actuando habitualmente como consultor del equipo en la fase temprana del dise\u00f1o de cara a la operaci\u00f3n del activo, revisa, aconseja e interviene a lo largo de las fases de dise\u00f1o temprano, as\u00ed como toma control de la explotaci\u00f3n experiencial del modelo durante la fase de operaciones.<\/span><\/p>\n<p><b>Habilidades: <\/b><span style=\"font-weight: 400;\">COORDINACI\u00d3N, INGENIER\u00cdA Y SOSTENIBILIDAD\u00a0<\/span><\/p>\n<p><b>Softwares Disponibles para elegir (1): <\/b><span style=\"font-weight: 400;\">\u00a0Revit | Allplan | ArchiCAD | OpenBuildings<\/span><\/p>\n<p><b>Perfiles BIM alcanzados del BIMCV: <\/b><span style=\"font-weight: 400;\">\u00a0BIM Coordinator | BIM Project Manager | BIM Construction Manager | BIM Sustainability Designer | BIM Facility Manager | BIM Experiential Manager |BIM Quantity Surveyor | BIM Site Surveyor<\/span><\/p>\n<p><b>Formaci\u00f3n compuesta por los siguientes cursos:<\/b><\/p>\n<ul>\n<li style=\"font-weight: 400;\"><span style=\"font-weight: 400;\">BIM A1 &#8211;\u00a0 Modelo Digital<\/span><\/li>\n<li style=\"font-weight: 400;\"><span style=\"font-weight: 400;\">BIM B1 &#8211; Trabajo Colaborativo<\/span><\/li>\n<li style=\"font-weight: 400;\"><span style=\"font-weight: 400;\">BIM B2 &#8211; Interoperabilidad 2E<\/span><\/li>\n<\/ul>\n<p><b>Cr\u00e9ditos:<\/b><span style=\"font-weight: 400;\"> 9 ECTS\u00a0 &#8211;\u00a0 90 Horas Lectivas.<\/span><\/p>\n<p><b>Modalidad:<\/b><span style=\"font-weight: 400;\"> Formaci\u00f3n Online &#8211; CooC<\/span><\/p>\n<p><b>Actividades Obligatorias:<\/b><\/p>\n<ul>\n<li style=\"font-weight: 400;\"><span style=\"font-weight: 400;\">1 Proyecto de Edificaci\u00f3n en equipo.<\/span><\/li>\n<li style=\"font-weight: 400;\"><span style=\"font-weight: 400;\">Eventos de Edificaci\u00f3n<\/span><\/li>\n<\/ul>\n<p><b>Setor: <\/b><span style=\"font-weight: 400;\">Edificaci\u00f3n<\/span><\/p>\n","protected":false},"excerpt":{"rendered":"<h5><span style=\"color: #33cccc;\">ESTE PERFIL FORMA PARTE DEL PLAN BASICO<\/span><\/h5>\n<h5><a href=\"https:\/\/edu.bimfreelance.com\/es\/plano-basico\/\"><span style=\"color: #0000ff;\">PUEDES OBTENER DESDE SOLO 800E\u00a0 | \u00a0PULSE AQUI!<\/span><\/a><\/h5>\n<hr \/>\n<p><b>BIM Experiential Manager<\/b><span style=\"font-weight: 400;\"> es uno de los perfiles BIM de competencias de sostenibilidad. Actuando habitualmente como consultor del equipo en la fase temprana del dise\u00f1o de cara a la operaci\u00f3n del activo, revisa, aconseja e interviene a lo largo de las fases de dise\u00f1o temprano, as\u00ed como toma control de la explotaci\u00f3n experiencial del modelo durante la fase de operaciones.<\/span><\/p>\n<p><b>Habilidades: <\/b><span style=\"font-weight: 400;\">COORDINACI\u00d3N, INGENIER\u00cdA Y SOSTENIBILIDAD\u00a0<\/span><\/p>\n<p><b>Softwares Disponibles para elegir (1): <\/b><span style=\"font-weight: 400;\">\u00a0Revit | Allplan | ArchiCAD | OpenBuildings<\/span><\/p>\n<p><b>Perfiles BIM alcanzados del BIMCV: <\/b><span style=\"font-weight: 400;\">\u00a0BIM Coordinator | BIM Project Manager | BIM Construction Manager | BIM Sustainability Designer | BIM Facility Manager | BIM Experiential Manager |BIM Quantity Surveyor | BIM Site Surveyor<\/span><\/p>\n<p><b>Formaci\u00f3n compuesta por los siguientes cursos:<\/b><\/p>\n<ul>\n<li style=\"font-weight: 400;\"><span style=\"font-weight: 400;\">BIM A1 &#8211;\u00a0 Modelo Digital<\/span><\/li>\n<li style=\"font-weight: 400;\"><span style=\"font-weight: 400;\">BIM B1 &#8211; Trabajo Colaborativo<\/span><\/li>\n<li style=\"font-weight: 400;\"><span style=\"font-weight: 400;\">BIM B2 &#8211; Interoperabilidad 2E<\/span><\/li>\n<\/ul>\n<p><b>Cr\u00e9ditos:<\/b><span style=\"font-weight: 400;\"> 9 ECTS\u00a0 &#8211;\u00a0 90 Horas Lectivas.<\/span><\/p>\n<p><b>Modalidad:<\/b><span style=\"font-weight: 400;\"> Formaci\u00f3n Online &#8211; CooC<\/span><\/p>\n<p><b>Actividades Obligatorias:<\/b><\/p>\n<ul>\n<li style=\"font-weight: 400;\"><span style=\"font-weight: 400;\">1 Proyecto de Edificaci\u00f3n en equipo.<\/span><\/li>\n<li style=\"font-weight: 400;\"><span style=\"font-weight: 400;\">Eventos de Edificaci\u00f3n<\/span><\/li>\n<\/ul>\n<p><b>Setor: <\/b><span style=\"font-weight: 400;\">Edificaci\u00f3n <\/span><\/p>\n","protected":false},"featured_media":1968,"comment_status":"open","ping_status":"closed","template":"","meta":{"_bbp_topic_count":0,"_bbp_reply_count":0,"_bbp_total_topic_count":0,"_bbp_total_reply_count":0,"_bbp_voice_count":0,"_bbp_anonymous_reply_count":0,"_bbp_topic_count_hidden":0,"_bbp_reply_count_hidden":0,"_bbp_forum_subforum_count":0,"pmpro_default_level":0},"product_cat":[59,58,60,61,62,64],"product_tag":[32,33,36,65,66,67,39,40,41,42,45,46,68,49,50,51,69,57],"_links":{"self":[{"href":"https:\/\/edu.bimfreelance.com\/es\/wp-json\/wp\/v2\/product\/577"}],"collection":[{"href":"https:\/\/edu.bimfreelance.com\/es\/wp-json\/wp\/v2\/product"}],"about":[{"href":"https:\/\/edu.bimfreelance.com\/es\/wp-json\/wp\/v2\/types\/product"}],"replies":[{"embeddable":true,"href":"https:\/\/edu.bimfreelance.com\/es\/wp-json\/wp\/v2\/comments?post=577"}],"wp:featuredmedia":[{"embeddable":true,"href":"https:\/\/edu.bimfreelance.com\/es\/wp-json\/wp\/v2\/media\/1968"}],"wp:attachment":[{"href":"https:\/\/edu.bimfreelance.com\/es\/wp-json\/wp\/v2\/media?parent=577"}],"wp:term":[{"taxonomy":"product_cat","embeddable":true,"href":"https:\/\/edu.bimfreelance.com\/es\/wp-json\/wp\/v2\/product_cat?post=577"},{"taxonomy":"product_tag","embeddable":true,"href":"https:\/\/edu.bimfreelance.com\/es\/wp-json\/wp\/v2\/product_tag?post=577"}],"curies":[{"name":"wp","href":"https:\/\/api.w.org\/{rel}","templated":true}]}}