{"id":2311,"date":"2020-11-09T14:36:44","date_gmt":"2020-11-09T14:36:44","guid":{"rendered":"https:\/\/edu.bimfreelance.com\/es\/?post_type=product&#038;p=2311"},"modified":"2021-01-26T13:11:48","modified_gmt":"2021-01-26T13:11:48","slug":"bim-architect-1-plataforma-edificacion-2","status":"publish","type":"product","link":"https:\/\/edu.bimfreelance.com\/es\/producto\/bim-architect-1-plataforma-edificacion-2\/","title":{"rendered":"BIM Architect &#8211; 1 Plataforma [Edificaci\u00f3n]"},"content":{"rendered":"<p><strong>BIM Architect <\/strong>es el perfil BIM de dise\u00f1o m\u00e1s completo del sector de Edificaci\u00f3n. Adem\u00e1s del perfil de interior Architect, con capacidades de modelado avanzado, es el encargado de sistematizar la publicaci\u00f3n de la documentaci\u00f3n del modelo para el equipo colaborativo<\/p>\n<p><strong>Habilidades:<\/strong> COORDINACI\u00d3N y DISE\u00d1O<\/p>\n<p><strong>Softwares Disponibles para elegir (1):<\/strong> \u00a0Revit | Allplan | ArchiCAD | OpenBuildings<\/p>\n<p><strong>Perfiles BIM alcanzados del BIMCV:<\/strong> \u00a0BIM Coordinator | BIM Interior Architect | BIM Architect<\/p>\n<p>Formaci\u00f3n compuesta por los siguientes cursos:<\/p>\n<p>BIM A1 &#8211;\u00a0 Modelo Digital<br \/>\nBIM B1 &#8211; Trabajo Colaborativo<br \/>\nBIM A2 &#8211; Publicaci\u00f3n del Modelo<br \/>\nBIM A3 &#8211; Modelado Avanzado<\/p>\n<p><strong>Cr\u00e9ditos:<\/strong> 12 ECTS\u00a0 &#8211;\u00a0 120 Horas Lectivas.<\/p>\n<p><strong>Modalidad: <\/strong>Formaci\u00f3n Online &#8211; CooC<\/p>\n<p><strong>Actividades Obligatorias:<\/strong><\/p>\n<p>1 Proyecto de Edificaci\u00f3n en equipo.<br \/>\nEventos de Edificaci\u00f3n<\/p>\n<p><strong>Sector: <\/strong>Edificaci\u00f3n<\/p>\n","protected":false},"excerpt":{"rendered":"<h5><span style=\"color: #33cccc;\">ESTE PERFIL FORMA PARTE DEL PLAN BASICO<\/span><\/h5>\n<h5><a href=\"https:\/\/edu.bimfreelance.com\/es\/plano-basico\/\"><span style=\"color: #0000ff;\">PUEDES OBTENER DESDE SOLO 800E\u00a0 | \u00a0PULSE AQUI!\u00a0<\/span><\/a><\/h5>\n<hr \/>\n<p><strong><br \/>\nBIM Architect <\/strong>es el perfil BIM de dise\u00f1o m\u00e1s completo del sector de Edificaci\u00f3n. Adem\u00e1s del perfil de interior Architect, con capacidades de modelado avanzado, es el encargado de sistematizar la publicaci\u00f3n de la documentaci\u00f3n del modelo para el equipo colaborativo<\/p>\n<p><strong>Habilidades:<\/strong> COORDINACI\u00d3N y DISE\u00d1O<\/p>\n<p><strong>Softwares Disponibles para elegir (1):<\/strong> \u00a0Revit | Allplan | ArchiCAD | OpenBuildings<\/p>\n<p><strong>Perfiles BIM alcanzados del BIMCV:<\/strong> \u00a0BIM Coordinator | BIM Interior Architect | BIM Architect<\/p>\n<p>Formaci\u00f3n compuesta por los siguientes cursos:<\/p>\n<p>BIM A1 &#8211;\u00a0 Modelo Digital<br \/>\nBIM B1 &#8211; Trabajo Colaborativo<br \/>\nBIM A2 &#8211; Publicaci\u00f3n del Modelo<br \/>\nBIM A3 &#8211; Modelado Avanzado<\/p>\n<p><strong>Cr\u00e9ditos:<\/strong> 12 ECTS\u00a0 &#8211;\u00a0 120 Horas Lectivas.<\/p>\n<p><strong>Modalidad: <\/strong>Formaci\u00f3n Online &#8211; CooC<\/p>\n<p><strong>Actividades Obligatorias:<\/strong><\/p>\n<p>1 Proyecto de Edificaci\u00f3n en equipo.<br \/>\nEventos de Edificaci\u00f3n<\/p>\n<p><strong>Sector: <\/strong>Edificaci\u00f3<\/p>\n","protected":false},"featured_media":1983,"comment_status":"open","ping_status":"closed","template":"","meta":{"_bbp_topic_count":0,"_bbp_reply_count":0,"_bbp_total_topic_count":0,"_bbp_total_reply_count":0,"_bbp_voice_count":0,"_bbp_anonymous_reply_count":0,"_bbp_topic_count_hidden":0,"_bbp_reply_count_hidden":0,"_bbp_forum_subforum_count":0,"pmpro_default_level":0},"product_cat":[104,58,60,61,62,64,63],"product_tag":[32,33,36,65,102,103,37,66,40,43,50,51,69,57],"_links":{"self":[{"href":"https:\/\/edu.bimfreelance.com\/es\/wp-json\/wp\/v2\/product\/2311"}],"collection":[{"href":"https:\/\/edu.bimfreelance.com\/es\/wp-json\/wp\/v2\/product"}],"about":[{"href":"https:\/\/edu.bimfreelance.com\/es\/wp-json\/wp\/v2\/types\/product"}],"replies":[{"embeddable":true,"href":"https:\/\/edu.bimfreelance.com\/es\/wp-json\/wp\/v2\/comments?post=2311"}],"wp:featuredmedia":[{"embeddable":true,"href":"https:\/\/edu.bimfreelance.com\/es\/wp-json\/wp\/v2\/media\/1983"}],"wp:attachment":[{"href":"https:\/\/edu.bimfreelance.com\/es\/wp-json\/wp\/v2\/media?parent=2311"}],"wp:term":[{"taxonomy":"product_cat","embeddable":true,"href":"https:\/\/edu.bimfreelance.com\/es\/wp-json\/wp\/v2\/product_cat?post=2311"},{"taxonomy":"product_tag","embeddable":true,"href":"https:\/\/edu.bimfreelance.com\/es\/wp-json\/wp\/v2\/product_tag?post=2311"}],"curies":[{"name":"wp","href":"https:\/\/api.w.org\/{rel}","templated":true}]}}