{"id":1900,"date":"2020-11-03T18:04:08","date_gmt":"2020-11-03T18:04:08","guid":{"rendered":"https:\/\/edu.bimfreelance.com\/es\/producto\/import-placeholder-for-5444\/"},"modified":"2024-07-03T00:08:28","modified_gmt":"2024-07-03T00:08:28","slug":"bim-specialist-1-plataforma-industrial","status":"publish","type":"product","link":"https:\/\/edu.bimfreelance.com\/es\/producto\/bim-specialist-1-plataforma-industrial\/","title":{"rendered":"BIM Specialist &#8211; 1 Plataforma [Industrial]"},"content":{"rendered":"","protected":false},"excerpt":{"rendered":"<p><span style=\"color: #ab1b1b;\"><b>DISPONIBLE EN FEBRERO<\/b><\/span><\/p>\n<hr \/>\n<p><b>BIM Specialist <\/b><span style=\"font-weight: 400;\">es el perfil completo que contiene todos los perfiles del sector. Representa haber alcanzado la capacidad completa como modelador de todas las especialidades. Habilita para trabajar en cualquiera de las dimensiones de modelado de informaci\u00f3n del proyecto, bajo supervisi\u00f3n exceptuando la de nuestro propio perfil profesional.<\/span><\/p>\n<p><b>Habilidades: <\/b><span style=\"font-weight: 400;\">COORDINACI\u00d3N, DISE\u00d1O, INGENIER\u00cdA Y SUSTENTABILIDAD<\/span><\/p>\n<p><b>Softwares Disponibles para elegir (1): <\/b><span style=\"font-weight: 400;\">\u00a0OpenPlant |SmartPlant<\/span><\/p>\n<p><b>Alcanza TODOS los perfiles del BIMCV: <\/b><span style=\"font-weight: 400;\">BIM Coordinator | BIM Industrial Engineer | BIM Project Manager | BIM Construction manager | BIM Sustainability designer | BIM Facility manager | BIM Experiential manager | BIM Quantity surveyor | BIM Surveyor | BIM MEP Engineer | BIM Structure engineer.<\/span><\/p>\n<p><b>Formaci\u00f3n compuesta por los siguientes cursos:<\/b><\/p>\n<ul>\n<li style=\"font-weight: 400;\"><span style=\"font-weight: 400;\">BIM A1 &#8211;\u00a0 Modelo Digital<\/span><\/li>\n<li style=\"font-weight: 400;\"><span style=\"font-weight: 400;\">BIM B1 &#8211; Trabajo Colaborativo<\/span><\/li>\n<li style=\"font-weight: 400;\"><span style=\"font-weight: 400;\">BIM A2 &#8211; Publicaci\u00f3n del Modelo<\/span><\/li>\n<li style=\"font-weight: 400;\"><span style=\"font-weight: 400;\">BIM A3 &#8211; Modelado Avanzado\u00a0<\/span><\/li>\n<li style=\"font-weight: 400;\"><span style=\"font-weight: 400;\">BIM B2 &#8211; Interoperabilidad 2E<\/span><\/li>\n<li style=\"font-weight: 400;\"><span style=\"font-weight: 400;\">BIM B3 -Interoperabilidad Estructuras \/ MEP\u00a0<\/span><\/li>\n<\/ul>\n<p><b>Cr\u00e9ditos: <\/b><span style=\"font-weight: 400;\">\u00a018 ECTS -180 Horas Lectivas.<\/span><\/p>\n<p><b>Modalidad:<\/b><span style=\"font-weight: 400;\"> Formaci\u00f3n Online &#8211; CooC<\/span><\/p>\n<p><b>Actividades Obligatorias:<\/b><\/p>\n<ul>\n<li style=\"font-weight: 400;\"><span style=\"font-weight: 400;\">1 Proyecto de industrial en equipo<\/span><\/li>\n<li style=\"font-weight: 400;\"><span style=\"font-weight: 400;\">Eventos del sector de industrial<\/span><\/li>\n<\/ul>\n<p class=\"p1\"><b>Setor: <\/b><span style=\"font-weight: 400;\">Industrial<\/span><\/p>\n","protected":false},"featured_media":2034,"comment_status":"open","ping_status":"closed","template":"","meta":{"_bbp_topic_count":0,"_bbp_reply_count":0,"_bbp_total_topic_count":0,"_bbp_total_reply_count":0,"_bbp_voice_count":0,"_bbp_anonymous_reply_count":0,"_bbp_topic_count_hidden":0,"_bbp_reply_count_hidden":0,"_bbp_forum_subforum_count":0,"pmpro_default_level":0},"product_cat":[113,147,115,99,107,108,63],"product_tag":[65,102,103,66,67,73,39,40,41,42,142,44,45,46,68,47,48,88,49,94,52,53,55,96,97],"_links":{"self":[{"href":"https:\/\/edu.bimfreelance.com\/es\/wp-json\/wp\/v2\/product\/1900"}],"collection":[{"href":"https:\/\/edu.bimfreelance.com\/es\/wp-json\/wp\/v2\/product"}],"about":[{"href":"https:\/\/edu.bimfreelance.com\/es\/wp-json\/wp\/v2\/types\/product"}],"replies":[{"embeddable":true,"href":"https:\/\/edu.bimfreelance.com\/es\/wp-json\/wp\/v2\/comments?post=1900"}],"wp:featuredmedia":[{"embeddable":true,"href":"https:\/\/edu.bimfreelance.com\/es\/wp-json\/wp\/v2\/media\/2034"}],"wp:attachment":[{"href":"https:\/\/edu.bimfreelance.com\/es\/wp-json\/wp\/v2\/media?parent=1900"}],"wp:term":[{"taxonomy":"product_cat","embeddable":true,"href":"https:\/\/edu.bimfreelance.com\/es\/wp-json\/wp\/v2\/product_cat?post=1900"},{"taxonomy":"product_tag","embeddable":true,"href":"https:\/\/edu.bimfreelance.com\/es\/wp-json\/wp\/v2\/product_tag?post=1900"}],"curies":[{"name":"wp","href":"https:\/\/api.w.org\/{rel}","templated":true}]}}