{"id":1759,"date":"2020-11-03T18:02:39","date_gmt":"2020-11-03T18:02:39","guid":{"rendered":"https:\/\/edu.bimfreelance.com\/es\/producto\/import-placeholder-for-5279\/"},"modified":"2020-12-16T14:43:17","modified_gmt":"2020-12-16T14:43:17","slug":"bim-facility-manager-1-plataforma-infra","status":"publish","type":"product","link":"https:\/\/edu.bimfreelance.com\/es\/producto\/bim-facility-manager-1-plataforma-infra\/","title":{"rendered":"BIM Facility Manager &#8211; 1 Plataforma [Infra]"},"content":{"rendered":"","protected":false},"excerpt":{"rendered":"<p><span style=\"color: #ff6600;\"><b>DISPONIBLE EN FEBRERO<\/b><\/span><\/p>\n<hr \/>\n<p><b><span style=\"font-weight: 400;\"><strong>BIM Facility Manager<\/strong> es uno de los perfiles BIM de competencias de sostenibilidad. Actuando habitualmente como consultor del equipo en la fase temprana del dise\u00f1o de cara a la operaci\u00f3n del activo, revisa, aconseja e interviene a lo largo de las fases de dise\u00f1o temprano, as\u00ed como toma control del modelo durante la fase de operaciones de los sistemas.<\/span><\/b><\/p>\n<p><b>Habilidades: <\/b><span style=\"font-weight: 400;\">COORDINACI\u00d3N, INGENIER\u00cdA Y SOSTENIBILIDAD\u00a0<\/span><\/p>\n<p><b>Softwares Disponibles para elegir (1): <\/b><span style=\"font-weight: 400;\">\u00a0OpenRoads | Infraworks | NovaPoint | Istram<\/span><\/p>\n<p><b>Perfiles BIM alcanzados del BIMCV: <\/b><span style=\"font-weight: 400;\">\u00a0BIM Coordinator | BIM Project Manager | BIM Construction Manager | BIM Sustainability Designer | BIM Facility Manager | BIM Experiential Manager |BIM Quantity Surveyor | BIM Site Surveyor<\/span><\/p>\n<p><b>Formaci\u00f3n compuesta por los siguientes cursos:<\/b><\/p>\n<ul>\n<li style=\"font-weight: 400;\"><span style=\"font-weight: 400;\">BIM A1 &#8211;\u00a0 Modelo Digital<\/span><\/li>\n<li style=\"font-weight: 400;\"><span style=\"font-weight: 400;\">BIM B1 &#8211; Trabajo Colaborativo<\/span><\/li>\n<li style=\"font-weight: 400;\"><span style=\"font-weight: 400;\">BIM B2 &#8211; Interoperabilidad 2E<\/span><\/li>\n<\/ul>\n<p><b>Cr\u00e9ditos:<\/b><span style=\"font-weight: 400;\"> 9 ECTS\u00a0 &#8211;\u00a0 90 Horas Lectivas.<\/span><\/p>\n<p><b>Modalidad:<\/b><span style=\"font-weight: 400;\"> Formaci\u00f3n Online &#8211; CooC<\/span><\/p>\n<p><b>Actividades Obligatorias:<\/b><\/p>\n<ul>\n<li style=\"font-weight: 400;\"><span style=\"font-weight: 400;\">1 Proyecto de Infraestructura en equipo.<\/span><\/li>\n<li style=\"font-weight: 400;\"><span style=\"font-weight: 400;\">Eventos<\/span><\/li>\n<\/ul>\n<p><b>Setor: <\/b><span style=\"font-weight: 400;\">Infraestructura\u00a0<\/span><\/p>\n","protected":false},"featured_media":2018,"comment_status":"open","ping_status":"closed","template":"","meta":{"_bbp_topic_count":0,"_bbp_reply_count":0,"_bbp_total_topic_count":0,"_bbp_total_reply_count":0,"_bbp_voice_count":0,"_bbp_anonymous_reply_count":0,"_bbp_topic_count_hidden":0,"_bbp_reply_count_hidden":0,"_bbp_forum_subforum_count":0,"pmpro_default_level":0},"product_cat":[160,58,86,61,87,64,63],"product_tag":[65,66,67,39,40,41,42,46,68,88,49,80,81,82,53,83,84],"_links":{"self":[{"href":"https:\/\/edu.bimfreelance.com\/es\/wp-json\/wp\/v2\/product\/1759"}],"collection":[{"href":"https:\/\/edu.bimfreelance.com\/es\/wp-json\/wp\/v2\/product"}],"about":[{"href":"https:\/\/edu.bimfreelance.com\/es\/wp-json\/wp\/v2\/types\/product"}],"replies":[{"embeddable":true,"href":"https:\/\/edu.bimfreelance.com\/es\/wp-json\/wp\/v2\/comments?post=1759"}],"wp:featuredmedia":[{"embeddable":true,"href":"https:\/\/edu.bimfreelance.com\/es\/wp-json\/wp\/v2\/media\/2018"}],"wp:attachment":[{"href":"https:\/\/edu.bimfreelance.com\/es\/wp-json\/wp\/v2\/media?parent=1759"}],"wp:term":[{"taxonomy":"product_cat","embeddable":true,"href":"https:\/\/edu.bimfreelance.com\/es\/wp-json\/wp\/v2\/product_cat?post=1759"},{"taxonomy":"product_tag","embeddable":true,"href":"https:\/\/edu.bimfreelance.com\/es\/wp-json\/wp\/v2\/product_tag?post=1759"}],"curies":[{"name":"wp","href":"https:\/\/api.w.org\/{rel}","templated":true}]}}