{"id":1709,"date":"2020-11-03T18:02:24","date_gmt":"2020-11-03T18:02:24","guid":{"rendered":"https:\/\/edu.bimfreelance.com\/es\/producto\/import-placeholder-for-5230\/"},"modified":"2021-01-26T13:11:48","modified_gmt":"2021-01-26T13:11:48","slug":"bim-surveyor-2-plataformas-edificacion","status":"publish","type":"product","link":"https:\/\/edu.bimfreelance.com\/es\/producto\/bim-surveyor-2-plataformas-edificacion\/","title":{"rendered":"BIM Surveyor &#8211; 2 Plataformas [Edificaci\u00f3n]"},"content":{"rendered":"<p><span style=\"font-weight: 400;\"><strong>BIM Surveyor<\/strong> es el perfil BIM encargado de la restituci\u00f3n digital del emplazamiento del futuro activo. A partir de datos capturados in-situ, modela terreno y elementos necesarios, as\u00ed como modifica su configuraci\u00f3n requerida por el dise\u00f1o del activo.<\/span><\/p>\n<p><b>Habilidades: <\/b><span style=\"font-weight: 400;\">COORDINACI\u00d3N, INGENIER\u00cdA Y SOSTENIBILIDAD\u00a0<\/span><\/p>\n<p><b>Softwares Disponibles para elegir (2): <\/b><span style=\"font-weight: 400;\">\u00a0Revit | Allplan | ArchiCAD | OpenBuildings<\/span><\/p>\n<p><span style=\"font-weight: 400;\">Las 2\u00a0 plataformas elegidas\u00a0 se pueden cursar en paralelo\u00a0\u00a0<\/span><\/p>\n<p><b>Perfiles BIM alcanzados del BIMCV: <\/b><span style=\"font-weight: 400;\">\u00a0BIM Coordinator | BIM Project Manager | BIM Construction Manager | BIM Sustainability Designer | BIM Facility Manager | BIM Experiential Manager |BIM Quantity Surveyor | BIM Site Surveyor<\/span><\/p>\n<p><b>Formaci\u00f3n compuesta por los siguientes cursos:<\/b><\/p>\n<ul>\n<li style=\"font-weight: 400;\"><span style=\"font-weight: 400;\">BIM A1 &#8211;\u00a0 Modelo Digital (de cada plataforma)<\/span><\/li>\n<li style=\"font-weight: 400;\"><span style=\"font-weight: 400;\">BIM B1 &#8211; Trabajo Colaborativo (de cada plataforma)<\/span><\/li>\n<li style=\"font-weight: 400;\"><span style=\"font-weight: 400;\">BIM B2 &#8211; Interoperabilidad 2E<\/span><\/li>\n<\/ul>\n<p><b>Cr\u00e9ditos:<\/b><span style=\"font-weight: 400;\"> 18 ECTS\u00a0 &#8211;\u00a0 180 Horas Lectivas.<\/span><\/p>\n<p><b>Modalidad:<\/b><span style=\"font-weight: 400;\"> Formaci\u00f3n Online &#8211; CooC<\/span><\/p>\n<p><b>Actividades Obligatorias:<\/b><\/p>\n<ul>\n<li style=\"font-weight: 400;\"><span style=\"font-weight: 400;\">2 Proyectos de Edificaci\u00f3n\u00a0 en equipo &#8211; 1 por plataforma<\/span><\/li>\n<li style=\"font-weight: 400;\"><span style=\"font-weight: 400;\">Eventos de Edificaci\u00f3n\u00a0<\/span><\/li>\n<\/ul>\n","protected":false},"excerpt":{"rendered":"<h5><span style=\"color: #33cccc;\">ESTE PERFIL FORMA PARTE DEL PLAN ESTANDAR<\/span><\/h5>\n<h5><a href=\"https:\/\/edu.bimfreelance.com\/es\/plan-estandar\/\"><span style=\"color: #0000ff;\">PUEDES OBTENER DESDE SOLO 1200\u20ac | \u00a0PULSE AQUI!<\/span><\/a><\/h5>\n<hr \/>\n<p><span style=\"font-weight: 400;\"><strong>BIM Surveyor<\/strong> es el perfil BIM encargado de la restituci\u00f3n digital del emplazamiento del futuro activo. A partir de datos capturados in-situ, modela terreno y elementos necesarios, as\u00ed como modifica su configuraci\u00f3n requerida por el dise\u00f1o del activo.<\/span><\/p>\n<p><b>Habilidades: <\/b><span style=\"font-weight: 400;\">COORDINACI\u00d3N, INGENIER\u00cdA Y SOSTENIBILIDAD\u00a0<\/span><\/p>\n<p><b>Softwares Disponibles para elegir (2): <\/b><span style=\"font-weight: 400;\">\u00a0Revit | Allplan | ArchiCAD | OpenBuildings<\/span><\/p>\n<p><span style=\"font-weight: 400;\">Las 2\u00a0 plataformas elegidas\u00a0 se pueden cursar en paralelo\u00a0\u00a0<\/span><\/p>\n<p><b>Perfiles BIM alcanzados del BIMCV: <\/b><span style=\"font-weight: 400;\">\u00a0BIM Coordinator | BIM Project Manager | BIM Construction Manager | BIM Sustainability Designer | BIM Facility Manager | BIM Experiential Manager |BIM Quantity Surveyor | BIM Site Surveyor<\/span><\/p>\n<p><b>Formaci\u00f3n compuesta por los siguientes cursos:<\/b><\/p>\n<ul>\n<li style=\"font-weight: 400;\"><span style=\"font-weight: 400;\">BIM A1 &#8211;\u00a0 Modelo Digital (de cada plataforma)<\/span><\/li>\n<li style=\"font-weight: 400;\"><span style=\"font-weight: 400;\">BIM B1 &#8211; Trabajo Colaborativo (de cada plataforma)<\/span><\/li>\n<li style=\"font-weight: 400;\"><span style=\"font-weight: 400;\">BIM B2 &#8211; Interoperabilidad 2E<\/span><\/li>\n<\/ul>\n<p><b>Cr\u00e9ditos:<\/b><span style=\"font-weight: 400;\"> 18 ECTS\u00a0 &#8211;\u00a0 180 Horas Lectivas.<\/span><\/p>\n<p><b>Modalidad:<\/b><span style=\"font-weight: 400;\"> Formaci\u00f3n Online &#8211; CooC<\/span><\/p>\n<p><b>Actividades Obligatorias:<\/b><\/p>\n<ul>\n<li style=\"font-weight: 400;\"><span style=\"font-weight: 400;\">2 Proyectos de Edificaci\u00f3n\u00a0 en equipo &#8211; 1 por plataforma<\/span><\/li>\n<li style=\"font-weight: 400;\"><span style=\"font-weight: 400;\">Eventos de Edificaci\u00f3n\u00a0<\/span><\/li>\n<\/ul>\n","protected":false},"featured_media":1973,"comment_status":"open","ping_status":"closed","template":"","meta":{"_bbp_topic_count":0,"_bbp_reply_count":0,"_bbp_total_topic_count":0,"_bbp_total_reply_count":0,"_bbp_voice_count":0,"_bbp_anonymous_reply_count":0,"_bbp_topic_count_hidden":0,"_bbp_reply_count_hidden":0,"_bbp_forum_subforum_count":0,"pmpro_default_level":0},"product_cat":[58,159,60,107,112,61,62,109,63],"product_tag":[32,33,39,40,41,42,46,68,88,49,51,52,53,55,69,57],"_links":{"self":[{"href":"https:\/\/edu.bimfreelance.com\/es\/wp-json\/wp\/v2\/product\/1709"}],"collection":[{"href":"https:\/\/edu.bimfreelance.com\/es\/wp-json\/wp\/v2\/product"}],"about":[{"href":"https:\/\/edu.bimfreelance.com\/es\/wp-json\/wp\/v2\/types\/product"}],"replies":[{"embeddable":true,"href":"https:\/\/edu.bimfreelance.com\/es\/wp-json\/wp\/v2\/comments?post=1709"}],"wp:featuredmedia":[{"embeddable":true,"href":"https:\/\/edu.bimfreelance.com\/es\/wp-json\/wp\/v2\/media\/1973"}],"wp:attachment":[{"href":"https:\/\/edu.bimfreelance.com\/es\/wp-json\/wp\/v2\/media?parent=1709"}],"wp:term":[{"taxonomy":"product_cat","embeddable":true,"href":"https:\/\/edu.bimfreelance.com\/es\/wp-json\/wp\/v2\/product_cat?post=1709"},{"taxonomy":"product_tag","embeddable":true,"href":"https:\/\/edu.bimfreelance.com\/es\/wp-json\/wp\/v2\/product_tag?post=1709"}],"curies":[{"name":"wp","href":"https:\/\/api.w.org\/{rel}","templated":true}]}}