{"id":1693,"date":"2020-11-03T18:02:04","date_gmt":"2020-11-03T18:02:04","guid":{"rendered":"https:\/\/edu.bimfreelance.com\/es\/producto\/import-placeholder-for-5212\/"},"modified":"2021-01-26T13:39:02","modified_gmt":"2021-01-26T13:39:02","slug":"bim-facility-manager-1-plataforma-edificacion","status":"publish","type":"product","link":"https:\/\/edu.bimfreelance.com\/es\/producto\/bim-facility-manager-1-plataforma-edificacion\/","title":{"rendered":"BIM Facility Manager &#8211; 1 Plataforma [Edificaci\u00f3n]"},"content":{"rendered":"<p><strong>BIM Facility Manager<\/strong> es uno de los perfiles BIM de competencias de sostenibilidad. Actuando habitualmente como consultor del equipo en la fase temprana del dise\u00f1o de cara a la operaci\u00f3n del activo, revisa, aconseja e interviene a lo largo de las fases de dise\u00f1o temprano, as\u00ed como toma control del modelo durante la fase de operaciones de los sistemas.o asociar cantidades y costes.<\/p>\n<p><strong>Habilidades:<\/strong> COORDINACI\u00d3N, INGENIER\u00cdA Y SOSTENIBILIDAD<\/p>\n<p><strong>Softwares Disponibles para elegir (1): \u00a0<\/strong>Revit | Allplan | ArchiCAD | OpenBuildings<\/p>\n<p><strong>Perfiles BIM alcanzados del BIMCV:<\/strong> \u00a0BIM Coordinator | BIM Project Manager | BIM Construction Manager | BIM Sustainability Designer | BIM Facility Manager | BIM Experiential Manager |BIM Quantity Surveyor | BIM Site Surveyor<\/p>\n<p><strong>Formaci\u00f3n compuesta por los siguientes cursos:<\/strong><\/p>\n<ul>\n<li style=\"font-weight: 400;\">BIM A1 &#8211;\u00a0 Modelo Digital<\/li>\n<li style=\"font-weight: 400;\">BIM B1 &#8211; Trabajo Colaborativo<\/li>\n<li style=\"font-weight: 400;\">BIM B2 &#8211; Interoperabilidad 2E<\/li>\n<\/ul>\n<p><strong>Cr\u00e9ditos:<\/strong> 9 ECTS\u00a0 &#8211;\u00a0 90 Horas Lectivas.<\/p>\n<p><strong>Modalidad:<\/strong> Formaci\u00f3n Online &#8211; CooC<\/p>\n<p><strong>Actividades Obligatorias:<\/strong><\/p>\n<ul>\n<li style=\"font-weight: 400;\">Proyecto de Edificaci\u00f3n en equipo.<\/li>\n<li style=\"font-weight: 400;\">Eventos de Edificaci\u00f3n<\/li>\n<\/ul>\n<p><strong>Setor:<\/strong> Edificaci\u00f3n<\/p>\n","protected":false},"excerpt":{"rendered":"<h5><span style=\"color: #33cccc;\">ESTE PERFIL FORMA PARTE DEL PLAN BASICO<\/span><\/h5>\n<h5><a href=\"https:\/\/edu.bimfreelance.com\/es\/plano-basico\/\"><span style=\"color: #0000ff;\">PUEDES OBTENER DESDE SOLO 800E\u00a0 | \u00a0PULSE AQUI!\u00a0<\/span><\/a><\/h5>\n<hr \/>\n<p><strong>BIM Facility Manager<\/strong> es uno de los perfiles BIM de competencias de sostenibilidad. Actuando habitualmente como consultor del equipo en la fase temprana del dise\u00f1o de cara a la operaci\u00f3n del activo, revisa, aconseja e interviene a lo largo de las fases de dise\u00f1o temprano, as\u00ed como toma control del modelo durante la fase de operaciones de los sistemas.o asociar cantidades y costes.<\/p>\n<p><strong>Habilidades:<\/strong> COORDINACI\u00d3N, INGENIER\u00cdA Y SOSTENIBILIDAD<\/p>\n<p><strong>Softwares Disponibles para elegir (1): \u00a0<\/strong>Revit | Allplan | ArchiCAD | OpenBuildings<\/p>\n<p><strong>Perfiles BIM alcanzados del BIMCV:<\/strong> \u00a0BIM Coordinator | BIM Project Manager | BIM Construction Manager | BIM Sustainability Designer | BIM Facility Manager | BIM Experiential Manager |BIM Quantity Surveyor | BIM Site Surveyor<\/p>\n<p><strong>Formaci\u00f3n compuesta por los siguientes cursos:<\/strong><\/p>\n<ul>\n<li style=\"font-weight: 400;\">BIM A1 &#8211;\u00a0 Modelo Digital<\/li>\n<li style=\"font-weight: 400;\">BIM B1 &#8211; Trabajo Colaborativo<\/li>\n<li style=\"font-weight: 400;\">BIM B2 &#8211; Interoperabilidad 2E<\/li>\n<\/ul>\n<p><strong>Cr\u00e9ditos:<\/strong> 9 ECTS\u00a0 &#8211;\u00a0 90 Horas Lectivas.<\/p>\n<p><strong>Modalidad:<\/strong> Formaci\u00f3n Online &#8211; CooC<\/p>\n<p><strong>Actividades Obligatorias:<\/strong><\/p>\n<ul>\n<li style=\"font-weight: 400;\">Proyecto de Edificaci\u00f3n en equipo.<\/li>\n<li style=\"font-weight: 400;\">Eventos de Edificaci\u00f3n<\/li>\n<\/ul>\n<p><strong>Setor:<\/strong> Edificaci\u00f3n<\/p>\n","protected":false},"featured_media":1974,"comment_status":"open","ping_status":"closed","template":"","meta":{"_bbp_topic_count":0,"_bbp_reply_count":0,"_bbp_total_topic_count":0,"_bbp_total_reply_count":0,"_bbp_voice_count":0,"_bbp_anonymous_reply_count":0,"_bbp_topic_count_hidden":0,"_bbp_reply_count_hidden":0,"_bbp_forum_subforum_count":0,"pmpro_default_level":0},"product_cat":[160,58,60,61,62,64,63],"product_tag":[32,33,36,65,66,67,39,40,41,42,45,46,68,49,55,69,57],"_links":{"self":[{"href":"https:\/\/edu.bimfreelance.com\/es\/wp-json\/wp\/v2\/product\/1693"}],"collection":[{"href":"https:\/\/edu.bimfreelance.com\/es\/wp-json\/wp\/v2\/product"}],"about":[{"href":"https:\/\/edu.bimfreelance.com\/es\/wp-json\/wp\/v2\/types\/product"}],"replies":[{"embeddable":true,"href":"https:\/\/edu.bimfreelance.com\/es\/wp-json\/wp\/v2\/comments?post=1693"}],"wp:featuredmedia":[{"embeddable":true,"href":"https:\/\/edu.bimfreelance.com\/es\/wp-json\/wp\/v2\/media\/1974"}],"wp:attachment":[{"href":"https:\/\/edu.bimfreelance.com\/es\/wp-json\/wp\/v2\/media?parent=1693"}],"wp:term":[{"taxonomy":"product_cat","embeddable":true,"href":"https:\/\/edu.bimfreelance.com\/es\/wp-json\/wp\/v2\/product_cat?post=1693"},{"taxonomy":"product_tag","embeddable":true,"href":"https:\/\/edu.bimfreelance.com\/es\/wp-json\/wp\/v2\/product_tag?post=1693"}],"curies":[{"name":"wp","href":"https:\/\/api.w.org\/{rel}","templated":true}]}}