{"id":1636,"date":"2020-11-03T18:01:45","date_gmt":"2020-11-03T18:01:45","guid":{"rendered":"https:\/\/edu.bimfreelance.com\/es\/producto\/import-placeholder-for-5041\/"},"modified":"2020-12-16T14:56:26","modified_gmt":"2020-12-16T14:56:26","slug":"bim-expert-multiplataforma-infra","status":"publish","type":"product","link":"https:\/\/edu.bimfreelance.com\/es\/producto\/bim-expert-multiplataforma-infra\/","title":{"rendered":"BIM Expert &#8211; Multiplataforma [Infra]"},"content":{"rendered":"","protected":false},"excerpt":{"rendered":"<p><span style=\"color: #ff6600;\"><b>DISPONIBLE EN FEBRERO<\/b><\/span><\/p>\n<hr \/>\n<p><strong><span style=\"font-weight: 400;\"><strong>BIM Expert<\/strong> desarrolla todas las competencias de ORGANIZACI\u00d3N, necesario para que las compa\u00f1\u00edas del AECO est\u00e9n preparadas para formar parte de los proyectos colaborativos en los que participa la compa\u00f1\u00eda. Est\u00e1 integrado con la organizaci\u00f3n, en calidad de supervisor de procesos BIM, y colabora estrechamente con los BIM manager de los proyectos, y tambi\u00e9n con los BIM Consultants que colaboran en la implantaci\u00f3n de la compa\u00f1\u00eda y que la habilitan para estar disponible en proyectos basados en metodolog\u00eda BIM.<\/span><\/strong><\/p>\n<p><b>Habilidades:\u00a0<\/b>COORDINACI\u00d3N, DISE\u00d1O, INGENIER\u00cdA, SUSTENTABILIDAD y ORGANIZACI\u00d3N<\/p>\n<p><b>Softwares Disponibles: <\/b>Infraworks | Istram | NovaPoint | OpenRoads<\/p>\n<p><b>Alcanza TODOS los perfiles del BIMCV:\u00a0<\/b>BIM Coordinator | BIM Civil Engineer | BIM Project Manager | BIM Construction manager | BIM Sustainability designer | BIM Facility manager | BIM Experiential manager | BIM Quantity surveyor | BIM Surveyor | BIM MEP Engineer | BIM Structure engineer | BIM Specialist | BIM Expert<\/p>\n<p><b>Formaci\u00f3n compuesta por los siguientes cursos:<\/b><\/p>\n<ul>\n<li>BIM A1 \u2013\u00a0 Modelo Digital<\/li>\n<li>BIM B1 \u2013 Trabajo Colaborativo<\/li>\n<li>BIM A2 \u2013 Publicaci\u00f3n del Modelo<\/li>\n<li>BIM A3 \u2013 Modelado Avanzado<\/li>\n<li>BIM B2 \u2013 Interoperabilidad 2E<\/li>\n<li>BIM B3 -Interoperabilidad Estructuras \/ MEP<\/li>\n<li>BIM C1 &#8211; Libro de Estilo<\/li>\n<li>BIM C2 &#8211; Gesti\u00f3n y Desarrollode Biblioteca<\/li>\n<li>BIM C3 &#8211; Competencia de Gesti\u00f3n de Informaci\u00f3n<\/li>\n<\/ul>\n<p><b>Cr\u00e9ditos:\u00a0<\/b> 66ECTS &#8211;\u00a0 660 Horas Lectivas.<\/p>\n<p><b>Modalidad:<\/b>\u00a0Formaci\u00f3n Online \u2013 CooC<\/p>\n<p><b>Actividades Obligatorias:<\/b><\/p>\n<ul>\n<li>4 Proyectos de Infraestructura en equipo &#8211; 1 por plataforma<\/li>\n<li>Eventos del sector de Infraestructura<\/li>\n<\/ul>\n<p class=\"p1\"><b>Setor:<\/b> Infraestructura<\/p>\n<p><strong>**Indique la secuencia que quiere seguir para las 4\u00a0 plataformas**<\/strong><\/p>\n","protected":false},"featured_media":2013,"comment_status":"open","ping_status":"closed","template":"","meta":{"_bbp_topic_count":0,"_bbp_reply_count":0,"_bbp_total_topic_count":0,"_bbp_total_reply_count":0,"_bbp_voice_count":0,"_bbp_anonymous_reply_count":0,"_bbp_topic_count_hidden":0,"_bbp_reply_count_hidden":0,"_bbp_forum_subforum_count":0,"pmpro_default_level":0},"product_cat":[133,150,135,86,107,117,63],"product_tag":[36,65,102,103,66,67,73,136,137,138,38,39,40,41,139,42,44,151,46,68,47,48,88,49,81,52,82,141,53,83,55,84],"_links":{"self":[{"href":"https:\/\/edu.bimfreelance.com\/es\/wp-json\/wp\/v2\/product\/1636"}],"collection":[{"href":"https:\/\/edu.bimfreelance.com\/es\/wp-json\/wp\/v2\/product"}],"about":[{"href":"https:\/\/edu.bimfreelance.com\/es\/wp-json\/wp\/v2\/types\/product"}],"replies":[{"embeddable":true,"href":"https:\/\/edu.bimfreelance.com\/es\/wp-json\/wp\/v2\/comments?post=1636"}],"wp:featuredmedia":[{"embeddable":true,"href":"https:\/\/edu.bimfreelance.com\/es\/wp-json\/wp\/v2\/media\/2013"}],"wp:attachment":[{"href":"https:\/\/edu.bimfreelance.com\/es\/wp-json\/wp\/v2\/media?parent=1636"}],"wp:term":[{"taxonomy":"product_cat","embeddable":true,"href":"https:\/\/edu.bimfreelance.com\/es\/wp-json\/wp\/v2\/product_cat?post=1636"},{"taxonomy":"product_tag","embeddable":true,"href":"https:\/\/edu.bimfreelance.com\/es\/wp-json\/wp\/v2\/product_tag?post=1636"}],"curies":[{"name":"wp","href":"https:\/\/api.w.org\/{rel}","templated":true}]}}