{"id":1547,"date":"2020-11-03T18:01:03","date_gmt":"2020-11-03T18:01:03","guid":{"rendered":"https:\/\/edu.bimfreelance.com\/es\/producto\/import-placeholder-for-3988\/"},"modified":"2021-02-24T19:30:08","modified_gmt":"2021-02-24T19:30:08","slug":"bim-specialist-multiplataforma-edificacion","status":"publish","type":"product","link":"https:\/\/edu.bimfreelance.com\/es\/producto\/bim-specialist-multiplataforma-edificacion\/","title":{"rendered":"BIM Specialist &#8211; Multiplataforma [Edificacion]"},"content":{"rendered":"","protected":false},"excerpt":{"rendered":"<p><b>BIM Specialist <\/b><span style=\"font-weight: 400;\">es el perfil completo que contiene todos los perfiles del sector. Representa haber alcanzado la capacidad completa como modelador de todas las especialidades. Habilita para trabajar en cualquiera de las dimensiones de modelado de informaci\u00f3n del proyecto, bajo supervisi\u00f3n exceptuando la de nuestro propio perfil profesional.<\/span><\/p>\n<p><b>Habilidades:<\/b><span style=\"font-weight: 400;\">COORDINACI\u00d3N, DISE\u00d1O, INGENIER\u00cdA Y SUSTENTABILIDAD<\/span><\/p>\n<p><b>Softwares Disponibles (4): <\/b><span style=\"font-weight: 400;\">\u00a0Revit | Allplan | ArchiCAD | OpenBuildings<\/span><\/p>\n<p><b>Alcanza TODOS los perfiles del BIMCV: <\/b><span style=\"font-weight: 400;\">BIM Coordinator | BIM Architect | BIM Interior Architect | BIM Project Manager | BIM Construction Manager | BIM Sustainability Designer | BIM Facility Manager | BIM Experiential Manager | BIM Quantity Surveyor | BIM Surveyor | BIM MEP Engineer | BIM Structure Engineer.<\/span><\/p>\n<p><b>Formaci\u00f3n compuesta por los siguientes cursos:<\/b><\/p>\n<ul>\n<li style=\"font-weight: 400;\"><span style=\"font-weight: 400;\">BIM A1 &#8211;\u00a0 Modelo Digital<\/span><\/li>\n<li style=\"font-weight: 400;\"><span style=\"font-weight: 400;\">BIM B1 &#8211; Trabajo Colaborativo<\/span><\/li>\n<li style=\"font-weight: 400;\"><span style=\"font-weight: 400;\">BIM A2 &#8211; Publicaci\u00f3n del Modelo<\/span><\/li>\n<li style=\"font-weight: 400;\"><span style=\"font-weight: 400;\">BIM A3 &#8211; Modelado Avanzado\u00a0<\/span><\/li>\n<li style=\"font-weight: 400;\"><span style=\"font-weight: 400;\">BIM B2 &#8211; Interoperabilidad 2E<\/span><\/li>\n<li style=\"font-weight: 400;\"><span style=\"font-weight: 400;\">BIM B3 -Interoperabilidad Estructuras \/ MEP\u00a0<\/span><\/li>\n<\/ul>\n<p><b>Cr\u00e9ditos: <\/b><span style=\"font-weight: 400;\">\u00a054 ECTS -540 Horas Lectivas.<\/span><\/p>\n<p><b>Modalidad:<\/b><span style=\"font-weight: 400;\"> Formaci\u00f3n Online &#8211; CooC<\/span><\/p>\n<p><b>Actividades Obligatorias:<\/b><\/p>\n<ul>\n<li style=\"font-weight: 400;\"><span style=\"font-weight: 400;\">4 Proyectos de edificaci\u00f3n en equipo &#8211; 1 por plataforma<\/span><\/li>\n<li style=\"font-weight: 400;\"><span style=\"font-weight: 400;\">Eventos del sector de edificaci\u00f3n.<\/span><\/li>\n<\/ul>\n<p><b>Setor: <\/b><span style=\"font-weight: 400;\">Edificaci\u00f3n\u00a0<\/span><\/p>\n<p><strong>**Indicar la secuencia de las 4\u00a0 plataformas que se quiere cursar**<\/strong><\/p>\n","protected":false},"featured_media":1982,"comment_status":"open","ping_status":"closed","template":"","meta":{"_bbp_topic_count":0,"_bbp_reply_count":0,"_bbp_total_topic_count":0,"_bbp_total_reply_count":0,"_bbp_voice_count":0,"_bbp_anonymous_reply_count":0,"_bbp_topic_count_hidden":0,"_bbp_reply_count_hidden":0,"_bbp_forum_subforum_count":0,"pmpro_default_level":0},"product_cat":[113,114,130,60,107,112,63],"product_tag":[32,33,36,65,102,103,37,66,67,73,39,40,41,42,43,44,46,68,47,48,88,49,51,131,52,53,55,69,132,57],"_links":{"self":[{"href":"https:\/\/edu.bimfreelance.com\/es\/wp-json\/wp\/v2\/product\/1547"}],"collection":[{"href":"https:\/\/edu.bimfreelance.com\/es\/wp-json\/wp\/v2\/product"}],"about":[{"href":"https:\/\/edu.bimfreelance.com\/es\/wp-json\/wp\/v2\/types\/product"}],"replies":[{"embeddable":true,"href":"https:\/\/edu.bimfreelance.com\/es\/wp-json\/wp\/v2\/comments?post=1547"}],"wp:featuredmedia":[{"embeddable":true,"href":"https:\/\/edu.bimfreelance.com\/es\/wp-json\/wp\/v2\/media\/1982"}],"wp:attachment":[{"href":"https:\/\/edu.bimfreelance.com\/es\/wp-json\/wp\/v2\/media?parent=1547"}],"wp:term":[{"taxonomy":"product_cat","embeddable":true,"href":"https:\/\/edu.bimfreelance.com\/es\/wp-json\/wp\/v2\/product_cat?post=1547"},{"taxonomy":"product_tag","embeddable":true,"href":"https:\/\/edu.bimfreelance.com\/es\/wp-json\/wp\/v2\/product_tag?post=1547"}],"curies":[{"name":"wp","href":"https:\/\/api.w.org\/{rel}","templated":true}]}}