{"id":1290,"date":"2020-11-03T17:56:37","date_gmt":"2020-11-03T17:56:37","guid":{"rendered":"https:\/\/edu.bimfreelance.com\/es\/producto\/import-placeholder-for-1322\/"},"modified":"2020-12-16T16:57:15","modified_gmt":"2020-12-16T16:57:15","slug":"bim-construction-manager-2-plataformas-industrial","status":"publish","type":"product","link":"https:\/\/edu.bimfreelance.com\/es\/producto\/bim-construction-manager-2-plataformas-industrial\/","title":{"rendered":"BIM Construction Manager &#8211; 2 Plataformas [Industrial]"},"content":{"rendered":"","protected":false},"excerpt":{"rendered":"<p><span style=\"color: #ab1b1b;\"><b>DISPONIBLE EN FEBRERO<\/b><\/span><\/p>\n<hr \/>\n<p><b>BIM Construction Manager<\/b>\u00a0es el perfil BIM de competencias de sostenibilidad, capaz de actuar en todos los sectores. Actuando habitualmente como consultor del equipo en la fase temprana del dise\u00f1o, revisa, aconseja e interviene a lo largo de las fases de dise\u00f1o temprano, as\u00ed como toma control del modelo durante la fase de construcci\u00f3n.<\/p>\n<p><b>Habilidades:\u00a0<\/b>COORDINACI\u00d3N, INGENIER\u00cdA Y SOSTENIBILIDAD<\/p>\n<p><b>Softwares Disponibles : <\/b>OpenPlant | SmartPlant<\/p>\n<p><b>Perfiles BIM alcanzados del BIMCV:\u00a0<\/b>\u00a0BIM Coordinator | BIM Project Manager | BIM Construction Manager | BIM Sustainability Designer | BIM Facility Manager | BIM Experiential Manager |BIM Quantity Surveyor | BIM Site Surveyor<\/p>\n<p><b>Formaci\u00f3n compuesta por los siguientes cursos:<\/b><\/p>\n<ul>\n<li>BIM A1 \u2013\u00a0 Modelo Digital (de cada plataforma)<\/li>\n<li>BIM B1 \u2013 Trabajo Colaborativo (de cada plataforma)<\/li>\n<li>BIM B2 \u2013 Interoperabilidad 2E<\/li>\n<\/ul>\n<p><b>Cr\u00e9ditos:<\/b>\u00a018 ECTS\u00a0 \u2013\u00a0 180 Horas Lectivas.<\/p>\n<p><b>Modalidad:<\/b>\u00a0Formaci\u00f3n Online \u2013 CooC<\/p>\n<p><b>Actividades Obligatorias:<\/b><\/p>\n<ul>\n<li>2 Proyectos de Industrial\u00a0 en equipo \u2013 1 por plataforma<\/li>\n<li>Eventos<\/li>\n<\/ul>\n<p><b>Setor: <\/b>Industrial<\/p>\n","protected":false},"featured_media":2041,"comment_status":"open","ping_status":"closed","template":"","meta":{"_bbp_topic_count":0,"_bbp_reply_count":0,"_bbp_total_topic_count":0,"_bbp_total_reply_count":0,"_bbp_voice_count":0,"_bbp_anonymous_reply_count":0,"_bbp_topic_count_hidden":0,"_bbp_reply_count_hidden":0,"_bbp_forum_subforum_count":0,"pmpro_default_level":0},"product_cat":[85,58,99,107,108,61,100,109,63],"product_tag":[36,65,66,67,39,40,41,42,46,68,88,49,96,97],"_links":{"self":[{"href":"https:\/\/edu.bimfreelance.com\/es\/wp-json\/wp\/v2\/product\/1290"}],"collection":[{"href":"https:\/\/edu.bimfreelance.com\/es\/wp-json\/wp\/v2\/product"}],"about":[{"href":"https:\/\/edu.bimfreelance.com\/es\/wp-json\/wp\/v2\/types\/product"}],"replies":[{"embeddable":true,"href":"https:\/\/edu.bimfreelance.com\/es\/wp-json\/wp\/v2\/comments?post=1290"}],"wp:featuredmedia":[{"embeddable":true,"href":"https:\/\/edu.bimfreelance.com\/es\/wp-json\/wp\/v2\/media\/2041"}],"wp:attachment":[{"href":"https:\/\/edu.bimfreelance.com\/es\/wp-json\/wp\/v2\/media?parent=1290"}],"wp:term":[{"taxonomy":"product_cat","embeddable":true,"href":"https:\/\/edu.bimfreelance.com\/es\/wp-json\/wp\/v2\/product_cat?post=1290"},{"taxonomy":"product_tag","embeddable":true,"href":"https:\/\/edu.bimfreelance.com\/es\/wp-json\/wp\/v2\/product_tag?post=1290"}],"curies":[{"name":"wp","href":"https:\/\/api.w.org\/{rel}","templated":true}]}}